{"id":76,"date":"2026-01-25T20:55:33","date_gmt":"2026-01-25T19:55:33","guid":{"rendered":"http:\/\/alphonsepapillons.fr\/?page_id=76"},"modified":"2026-01-26T20:10:06","modified_gmt":"2026-01-26T19:10:06","slug":"demarche","status":"publish","type":"page","link":"http:\/\/alphonsepapillons.fr\/index.php\/demarche\/","title":{"rendered":"Alphonse Papillons"},"content":{"rendered":"\n<div class=\"wp-block-group alignfull is-style-section-5 has-custom-pink-color has-custom-poudr-background-color has-text-color has-background has-link-color wp-elements-9077c6f66f24ee5559f183e86dbcd9aa is-layout-flow wp-block-group-is-layout-flow is-style-section-5--1\" style=\"min-height:100vh;margin-top:0;margin-bottom:0;padding-top:var(--wp--preset--spacing--50);padding-right:var(--wp--preset--spacing--50);padding-bottom:var(--wp--preset--spacing--50);padding-left:var(--wp--preset--spacing--50)\">\n<div class=\"wp-block-columns alignfull is-layout-flex wp-container-core-columns-is-layout-47c06fe3 wp-block-columns-is-layout-flex\">\n<div class=\"wp-block-column is-layout-flow wp-block-column-is-layout-flow\">\n<div class=\"wp-block-cover\" style=\"min-height:100vh;aspect-ratio:unset;\"><img loading=\"lazy\" decoding=\"async\" width=\"683\" height=\"1024\" class=\"wp-block-cover__image-background wp-image-157 size-large\" alt=\"\" src=\"http:\/\/alphonsepapillons.fr\/wp-content\/uploads\/2026\/01\/C14-8-683x1024.jpg\" style=\"object-position:55% 77%\" data-object-fit=\"cover\" data-object-position=\"55% 77%\" srcset=\"http:\/\/alphonsepapillons.fr\/wp-content\/uploads\/2026\/01\/C14-8-683x1024.jpg 683w, http:\/\/alphonsepapillons.fr\/wp-content\/uploads\/2026\/01\/C14-8-200x300.jpg 200w, http:\/\/alphonsepapillons.fr\/wp-content\/uploads\/2026\/01\/C14-8-768x1152.jpg 768w, http:\/\/alphonsepapillons.fr\/wp-content\/uploads\/2026\/01\/C14-8-1024x1536.jpg 1024w, http:\/\/alphonsepapillons.fr\/wp-content\/uploads\/2026\/01\/C14-8-1365x2048.jpg 1365w, http:\/\/alphonsepapillons.fr\/wp-content\/uploads\/2026\/01\/C14-8-scaled.jpg 1706w\" sizes=\"auto, (max-width: 683px) 100vw, 683px\" \/><span aria-hidden=\"true\" class=\"wp-block-cover__background has-background-dim-0 has-background-dim\" style=\"background-color:#564333\"><\/span><div class=\"wp-block-cover__inner-container is-layout-flow wp-block-cover-is-layout-flow\">\n<div style=\"height:var(--wp--preset--spacing--20)\" aria-hidden=\"true\" class=\"wp-block-spacer\"><\/div>\n<\/div><\/div>\n<\/div>\n\n\n\n<div class=\"wp-block-column is-layout-flow wp-block-column-is-layout-flow\">\n<div class=\"wp-block-group is-vertical is-content-justification-stretch is-nowrap is-layout-flex wp-container-core-group-is-layout-9a2e2d63 wp-block-group-is-layout-flex\" style=\"min-height:100%\">\n<p class=\"has-text-align-left\" style=\"font-size:clamp(1.551em, 1.551rem + ((1vw - 0.2em) * 1.311), 2.6em);line-height:1.2\">Alphonse Papillons, c\u00e9ramiste \u00e0 temps plein, potier de terre verniss\u00e9e, chineur du lundi et pi\u00e8tre p\u00e2tissier.<\/p>\n<\/div>\n<\/div>\n<\/div>\n<\/div>\n","protected":false},"excerpt":{"rendered":"<p>Alphonse Papillons, c\u00e9ramiste \u00e0 temps plein, potier de terre verniss\u00e9e, chineur du lundi et pi\u00e8tre p\u00e2tissier.<\/p>\n","protected":false},"author":1,"featured_media":0,"parent":0,"menu_order":0,"comment_status":"closed","ping_status":"closed","template":"","meta":{"footnotes":""},"class_list":["post-76","page","type-page","status-publish","hentry"],"_links":{"self":[{"href":"http:\/\/alphonsepapillons.fr\/index.php\/wp-json\/wp\/v2\/pages\/76","targetHints":{"allow":["GET"]}}],"collection":[{"href":"http:\/\/alphonsepapillons.fr\/index.php\/wp-json\/wp\/v2\/pages"}],"about":[{"href":"http:\/\/alphonsepapillons.fr\/index.php\/wp-json\/wp\/v2\/types\/page"}],"author":[{"embeddable":true,"href":"http:\/\/alphonsepapillons.fr\/index.php\/wp-json\/wp\/v2\/users\/1"}],"replies":[{"embeddable":true,"href":"http:\/\/alphonsepapillons.fr\/index.php\/wp-json\/wp\/v2\/comments?post=76"}],"version-history":[{"count":10,"href":"http:\/\/alphonsepapillons.fr\/index.php\/wp-json\/wp\/v2\/pages\/76\/revisions"}],"predecessor-version":[{"id":184,"href":"http:\/\/alphonsepapillons.fr\/index.php\/wp-json\/wp\/v2\/pages\/76\/revisions\/184"}],"wp:attachment":[{"href":"http:\/\/alphonsepapillons.fr\/index.php\/wp-json\/wp\/v2\/media?parent=76"}],"curies":[{"name":"wp","href":"https:\/\/api.w.org\/{rel}","templated":true}]}}