{"id":195,"date":"2026-01-26T20:17:27","date_gmt":"2026-01-26T19:17:27","guid":{"rendered":"http:\/\/alphonsepapillons.fr\/?page_id=195"},"modified":"2026-01-26T20:17:27","modified_gmt":"2026-01-26T19:17:27","slug":"surprise","status":"publish","type":"page","link":"http:\/\/alphonsepapillons.fr\/index.php\/surprise\/","title":{"rendered":"Surprise"},"content":{"rendered":"\n<div class=\"wp-block-group alignfull is-style-section-4 has-global-padding is-layout-constrained wp-block-group-is-layout-constrained is-style-section-4--1\" style=\"min-height:100vh;margin-top:0;margin-bottom:0\">\n<div class=\"wp-block-columns alignfull is-layout-flex wp-container-core-columns-is-layout-28f84493 wp-block-columns-is-layout-flex\">\n<div class=\"wp-block-column is-vertically-aligned-center is-layout-flow wp-block-column-is-layout-flow\">\n<div class=\"wp-block-group is-layout-flow wp-block-group-is-layout-flow\" style=\"padding-top:var(--wp--preset--spacing--50);padding-right:var(--wp--preset--spacing--50);padding-bottom:var(--wp--preset--spacing--50);padding-left:var(--wp--preset--spacing--50)\">\n<h2 class=\"wp-block-heading\">Lewis Hine<\/h2>\n\n\n\n<p>Lewis W. Hine a \u00e9tudi\u00e9 la sociologie avant de d\u00e9m\u00e9nager \u00e0 New York en 1901 pour travailler \u00e0 l\u2019\u00c9cole de culture \u00e9thique, o\u00f9 il a commenc\u00e9 \u00e0 pratiquer la photographie pour am\u00e9liorer ses m\u00e9thodes d\u2019enseignement.<\/p>\n\n\n\n<div class=\"wp-block-group is-nowrap is-layout-flex wp-container-core-group-is-layout-f1189ed3 wp-block-group-is-layout-flex\">\n<p><a href=\"#\">Instagram<\/a><\/p>\n\n\n\n<p><a href=\"#\">X<\/a><\/p>\n\n\n\n<p><a href=\"#\">TikTok<\/a><\/p>\n<\/div>\n<\/div>\n<\/div>\n\n\n\n<div class=\"wp-block-column is-layout-flow wp-block-column-is-layout-flow\">\n<div class=\"wp-block-cover\" style=\"min-height:100vh;aspect-ratio:unset;\"><img decoding=\"async\" class=\"wp-block-cover__image-background\" alt=\"Photo d\u2019une femme au travail.\" src=\"http:\/\/alphonsepapillons.fr\/wp-content\/themes\/twentytwentyfive\/assets\/images\/link-in-bio-background.webp\" data-object-fit=\"cover\"\/><span aria-hidden=\"true\" class=\"wp-block-cover__background has-background-dim-0 has-background-dim\" style=\"background-color:#6b6b6b\"><\/span><div class=\"wp-block-cover__inner-container is-layout-flow wp-block-cover-is-layout-flow\">\n<div style=\"height:var(--wp--preset--spacing--20)\" aria-hidden=\"true\" class=\"wp-block-spacer\"><\/div>\n<\/div><\/div>\n<\/div>\n<\/div>\n<\/div>\n","protected":false},"excerpt":{"rendered":"<p>Lewis Hine Lewis W. Hine a \u00e9tudi\u00e9 la sociologie avant de d\u00e9m\u00e9nager \u00e0 New York en 1901 pour travailler \u00e0 l\u2019\u00c9cole de culture \u00e9thique, o\u00f9 il a commenc\u00e9 \u00e0 pratiquer la photographie pour am\u00e9liorer ses m\u00e9thodes d\u2019enseignement. Instagram X TikTok<\/p>\n","protected":false},"author":1,"featured_media":0,"parent":0,"menu_order":0,"comment_status":"closed","ping_status":"closed","template":"","meta":{"footnotes":""},"class_list":["post-195","page","type-page","status-publish","hentry"],"_links":{"self":[{"href":"http:\/\/alphonsepapillons.fr\/index.php\/wp-json\/wp\/v2\/pages\/195","targetHints":{"allow":["GET"]}}],"collection":[{"href":"http:\/\/alphonsepapillons.fr\/index.php\/wp-json\/wp\/v2\/pages"}],"about":[{"href":"http:\/\/alphonsepapillons.fr\/index.php\/wp-json\/wp\/v2\/types\/page"}],"author":[{"embeddable":true,"href":"http:\/\/alphonsepapillons.fr\/index.php\/wp-json\/wp\/v2\/users\/1"}],"replies":[{"embeddable":true,"href":"http:\/\/alphonsepapillons.fr\/index.php\/wp-json\/wp\/v2\/comments?post=195"}],"version-history":[{"count":1,"href":"http:\/\/alphonsepapillons.fr\/index.php\/wp-json\/wp\/v2\/pages\/195\/revisions"}],"predecessor-version":[{"id":196,"href":"http:\/\/alphonsepapillons.fr\/index.php\/wp-json\/wp\/v2\/pages\/195\/revisions\/196"}],"wp:attachment":[{"href":"http:\/\/alphonsepapillons.fr\/index.php\/wp-json\/wp\/v2\/media?parent=195"}],"curies":[{"name":"wp","href":"https:\/\/api.w.org\/{rel}","templated":true}]}}